{"id":287,"date":"2022-12-01T17:38:39","date_gmt":"2022-12-01T16:38:39","guid":{"rendered":"https:\/\/hulahopsy.pl\/?page_id=287"},"modified":"2025-08-08T18:55:15","modified_gmt":"2025-08-08T16:55:15","slug":"cennik","status":"publish","type":"page","link":"https:\/\/hulahopsy.pl\/index.php\/cennik\/","title":{"rendered":"Cennik"},"content":{"rendered":"\t\t<div data-elementor-type=\"wp-post\" data-elementor-id=\"287\" class=\"elementor elementor-287\">\n\t\t\t\t\t\t<div class=\"elementor-inner\">\n\t\t\t\t<div class=\"elementor-section-wrap\">\n\t\t\t\t\t\t\t\t\t<section class=\"elementor-section elementor-top-section elementor-element elementor-element-a9f9785 elementor-section-boxed elementor-section-height-default elementor-section-height-default\" data-id=\"a9f9785\" data-element_type=\"section\">\n\t\t\t\t\t\t<div class=\"elementor-container elementor-column-gap-default\">\n\t\t\t\t\t\t\t<div class=\"elementor-row\">\n\t\t\t\t\t<div class=\"aux-parallax-section elementor-column elementor-col-100 elementor-top-column elementor-element elementor-element-82db319\" data-id=\"82db319\" data-element_type=\"column\">\n\t\t\t<div class=\"elementor-column-wrap elementor-element-populated\">\n\t\t\t\t\t\t\t<div class=\"elementor-widget-wrap\">\n\t\t\t\t\t\t<div class=\"elementor-element elementor-element-c6ab6b7 aux-appear-watch-animation aux-mask-from-left elementor-widget elementor-widget-aux_modern_heading\" data-id=\"c6ab6b7\" data-element_type=\"widget\" data-widget_type=\"aux_modern_heading.default\">\n\t\t\t\t<div class=\"elementor-widget-container\">\n\t\t\t<section class=\"aux-widget-modern-heading\">\n            <div class=\"aux-widget-inner\"><h6 class=\"aux-modern-heading-primary\"><\/h6><h3 class=\"aux-modern-heading-secondary\"><span class=\"aux-head-before\">Cennik<\/span><span class=\"aux-head-highlight\"> 2025\/2026<\/span><\/h3><\/div>\n        <\/section>\t\t<\/div>\n\t\t\t\t<\/div>\n\t\t\t\t\t\t<\/div>\n\t\t\t\t\t<\/div>\n\t\t<\/div>\n\t\t\t\t\t\t\t\t<\/div>\n\t\t\t\t\t<\/div>\n\t\t<\/section>\n\t\t\t\t<section class=\"elementor-section elementor-top-section elementor-element elementor-element-371db55 elementor-section-boxed elementor-section-height-default elementor-section-height-default\" data-id=\"371db55\" data-element_type=\"section\">\n\t\t\t\t\t\t<div class=\"elementor-container elementor-column-gap-default\">\n\t\t\t\t\t\t\t<div class=\"elementor-row\">\n\t\t\t\t\t<div class=\"aux-parallax-section elementor-column elementor-col-25 elementor-top-column elementor-element elementor-element-f84c407\" data-id=\"f84c407\" data-element_type=\"column\">\n\t\t\t<div class=\"elementor-column-wrap elementor-element-populated\">\n\t\t\t\t\t\t\t<div class=\"elementor-widget-wrap\">\n\t\t\t\t\t\t<div class=\"elementor-element elementor-element-abd611b bdt-pt-overflow-hidden--yes bdt-price-table-divider--yes elementor-widget elementor-widget-bdt-price-table\" data-id=\"abd611b\" data-element_type=\"widget\" data-widget_type=\"bdt-price-table.default\">\n\t\t\t\t<div class=\"elementor-widget-container\">\n\t\t\t\t\t<div class=\"bdt-price-table bdt-price-table-skin-default\">\n\t\t\t\t\t\t<div class=\"bdt-price-table-header\">\n\t\t\t\t\t\t\t\t\t<h3 class=\"bdt-price-table-heading\">\n\t\t\t\t\t\tHala \u0141ukowa\u00a0Bibice\t\t\t\t\t<\/h3>\n\t\t\t\t\n\t\t\t\t\t\t\t\t\t<span class=\"bdt-price-table-subheading\">\n\t\t\t\t\t\tul. Tadeusza Ko\u015bciuszki 56A\t\t\t\t\t<\/span>\n\t\t\t\t\t\t\t<\/div>\n\t\t\n\t\t<div class=\"bdt-price-table-price\">\n\t\t\t\n\t\t\t\t\t\t\t<span class=\"bdt-price-table-currency\">\n\t\t\t\t\tz\u0142\t\t\t\t<\/span>\n\t\t\t\n\t\t\t\t\t\t\t<span class=\"bdt-price-table-integer-part\" >\n\t\t\t\t\t180\t\t\t\t<\/span>\n\t\t\t\n\t\t\t\n\t\t\t\n\t\t\t\t\t\t\t<span class=\"bdt-price-table-period elementor-typo-excluded bdt-price-table-period-position-below\">Miesi\u0119cznie<\/span>\t\t\t\t\t<\/div>\n\t\t\t\t\t<ul class=\"bdt-price-table-features-list \">\n\t\t\t\t\t\t\t\t\t<li class=\"elementor-repeater-item-74c140e\">\n\t\t\t\t\t\t<div class=\"bdt-price-table-feature-inner\">\n\t\t\t\t\t\t\t\t\t\t\t\t\t\t\t\t\t\t\t\t\t\t<div class=\"bdt-price-table-feature-text bdt-display-inline-block\">\n\t\t\t\t\t\t\t\t\tgimnastyka akrobatyczna \/ 60 min\t\t\t\t\t\t\t\t<\/div>\n\t\t\t\t\t\t\t\t\t\t\t\t\t<\/div>\n\t\t\t\t\t<\/li>\n\t\t\t\t\t\t\t<\/ul>\n\t\t\t\t<\/div>\n\t\t<\/div>\n\t\t\t\t<\/div>\n\t\t\t\t<div class=\"elementor-element elementor-element-5e2cdf6 bdt-pt-overflow-hidden--yes bdt-price-table-divider--yes elementor-widget elementor-widget-bdt-price-table\" data-id=\"5e2cdf6\" data-element_type=\"widget\" data-widget_type=\"bdt-price-table.default\">\n\t\t\t\t<div class=\"elementor-widget-container\">\n\t\t\t\t\t<div class=\"bdt-price-table bdt-price-table-skin-default\">\n\t\t\t\t\t\t<div class=\"bdt-price-table-header\">\n\t\t\t\t\t\t\t\t\t<h3 class=\"bdt-price-table-heading\">\n\t\t\t\t\t\tKlub Fitness Kwadrat\t\t\t\t\t<\/h3>\n\t\t\t\t\n\t\t\t\t\t\t\t\t\t<span class=\"bdt-price-table-subheading\">\n\t\t\t\t\t\tul. Stanis\u0142awa Skar\u017cy\u0144skiego 1 Krak\u00f3w\u00a0Krak\u00f3w\t\t\t\t\t<\/span>\n\t\t\t\t\t\t\t<\/div>\n\t\t\n\t\t<div class=\"bdt-price-table-price\">\n\t\t\t\n\t\t\t\t\t\t\t<span class=\"bdt-price-table-currency\">\n\t\t\t\t\tz\u0142\t\t\t\t<\/span>\n\t\t\t\n\t\t\t\t\t\t\t<span class=\"bdt-price-table-integer-part\" >\n\t\t\t\t\t150\t\t\t\t<\/span>\n\t\t\t\n\t\t\t\n\t\t\t\n\t\t\t\t\t\t\t<span class=\"bdt-price-table-period elementor-typo-excluded bdt-price-table-period-position-below\">Miesi\u0119cznie<\/span>\t\t\t\t\t<\/div>\n\t\t\t\t\t<ul class=\"bdt-price-table-features-list \">\n\t\t\t\t\t\t\t\t\t<li class=\"elementor-repeater-item-d2ec612\">\n\t\t\t\t\t\t<div class=\"bdt-price-table-feature-inner\">\n\t\t\t\t\t\t\t\t\t\t\t\t\t\t\t\t\t\t\t\t\t\t<div class=\"bdt-price-table-feature-text bdt-display-inline-block\">\n\t\t\t\t\t\t\t\t\tgimnastyka akrobatyczna \/  55 min\t\t\t\t\t\t\t\t<\/div>\n\t\t\t\t\t\t\t\t\t\t\t\t\t<\/div>\n\t\t\t\t\t<\/li>\n\t\t\t\t\t\t\t<\/ul>\n\t\t\t\t<\/div>\n\t\t<\/div>\n\t\t\t\t<\/div>\n\t\t\t\t\t\t<\/div>\n\t\t\t\t\t<\/div>\n\t\t<\/div>\n\t\t\t\t<div class=\"aux-parallax-section elementor-column elementor-col-25 elementor-top-column elementor-element elementor-element-d0aa07e\" data-id=\"d0aa07e\" data-element_type=\"column\">\n\t\t\t<div class=\"elementor-column-wrap elementor-element-populated\">\n\t\t\t\t\t\t\t<div class=\"elementor-widget-wrap\">\n\t\t\t\t\t\t<div class=\"elementor-element elementor-element-e3b6a80 bdt-pt-overflow-hidden--yes bdt-price-table-divider--yes elementor-widget elementor-widget-bdt-price-table\" data-id=\"e3b6a80\" data-element_type=\"widget\" data-widget_type=\"bdt-price-table.default\">\n\t\t\t\t<div class=\"elementor-widget-container\">\n\t\t\t\t\t<div class=\"bdt-price-table bdt-price-table-skin-default\">\n\t\t\t\t\t\t<div class=\"bdt-price-table-header\">\n\t\t\t\t\t\t\t\t\t<h3 class=\"bdt-price-table-heading\">\n\t\t\t\t\t\tP\u0142ywaczek\t\t\t\t\t<\/h3>\n\t\t\t\t\n\t\t\t\t\t\t\t\t\t<span class=\"bdt-price-table-subheading\">\n\t\t\t\t\t\t2 Pu\u0142ku Lotniczego\u00a021\u00a0Krak\u00f3w\t\t\t\t\t<\/span>\n\t\t\t\t\t\t\t<\/div>\n\t\t\n\t\t<div class=\"bdt-price-table-price\">\n\t\t\t\n\t\t\t\t\t\t\t<span class=\"bdt-price-table-currency\">\n\t\t\t\t\tz\u0142\t\t\t\t<\/span>\n\t\t\t\n\t\t\t\t\t\t\t<span class=\"bdt-price-table-integer-part\" >\n\t\t\t\t\t150\t\t\t\t<\/span>\n\t\t\t\n\t\t\t\n\t\t\t\n\t\t\t\t\t\t\t<span class=\"bdt-price-table-period elementor-typo-excluded bdt-price-table-period-position-below\">Miesi\u0119cznie<\/span>\t\t\t\t\t<\/div>\n\t\t\t\t\t<ul class=\"bdt-price-table-features-list \">\n\t\t\t\t\t\t\t\t\t<li class=\"elementor-repeater-item-d2ec612\">\n\t\t\t\t\t\t<div class=\"bdt-price-table-feature-inner\">\n\t\t\t\t\t\t\t\t\t\t\t\t\t\t\t\t\t\t\t\t\t\t<div class=\"bdt-price-table-feature-text bdt-display-inline-block\">\n\t\t\t\t\t\t\t\t\tgimnastyka akrobatyczna \/  55 min\t\t\t\t\t\t\t\t<\/div>\n\t\t\t\t\t\t\t\t\t\t\t\t\t<\/div>\n\t\t\t\t\t<\/li>\n\t\t\t\t\t\t\t<\/ul>\n\t\t\t\t<\/div>\n\t\t<\/div>\n\t\t\t\t<\/div>\n\t\t\t\t<div class=\"elementor-element elementor-element-ff121f2 bdt-pt-overflow-hidden--yes bdt-price-table-divider--yes elementor-widget elementor-widget-bdt-price-table\" data-id=\"ff121f2\" data-element_type=\"widget\" data-widget_type=\"bdt-price-table.default\">\n\t\t\t\t<div class=\"elementor-widget-container\">\n\t\t\t\t\t<div class=\"bdt-price-table bdt-price-table-skin-default\">\n\t\t\t\t\t\t<div class=\"bdt-price-table-header\">\n\t\t\t\t\t\t\t\t\t<h3 class=\"bdt-price-table-heading\">\n\t\t\t\t\t\tKsos Krak\u00f3w\t\t\t\t\t<\/h3>\n\t\t\t\t\n\t\t\t\t\t\t\t\t\t<span class=\"bdt-price-table-subheading\">\n\t\t\t\t\t\tul. Francesco Nullo 23\t\t\t\t\t<\/span>\n\t\t\t\t\t\t\t<\/div>\n\t\t\n\t\t<div class=\"bdt-price-table-price\">\n\t\t\t\n\t\t\t\t\t\t\t<span class=\"bdt-price-table-currency\">\n\t\t\t\t\tz\u0142\t\t\t\t<\/span>\n\t\t\t\n\t\t\t\t\t\t\t<span class=\"bdt-price-table-integer-part\" >\n\t\t\t\t\t180\t\t\t\t<\/span>\n\t\t\t\n\t\t\t\n\t\t\t\n\t\t\t\t\t\t\t<span class=\"bdt-price-table-period elementor-typo-excluded bdt-price-table-period-position-below\">Miesi\u0119cznie<\/span>\t\t\t\t\t<\/div>\n\t\t\t\t\t<ul class=\"bdt-price-table-features-list \">\n\t\t\t\t\t\t\t\t\t<li class=\"elementor-repeater-item-8ad6735\">\n\t\t\t\t\t\t<div class=\"bdt-price-table-feature-inner\">\n\t\t\t\t\t\t\t\t\t\t\t\t\t\t\t\t\t\t\t\t\t\t<div class=\"bdt-price-table-feature-text bdt-display-inline-block\">\n\t\t\t\t\t\t\t\t\tgimnastyka akrobatyczna \/ 60 min\t\t\t\t\t\t\t\t<\/div>\n\t\t\t\t\t\t\t\t\t\t\t\t\t<\/div>\n\t\t\t\t\t<\/li>\n\t\t\t\t\t\t\t<\/ul>\n\t\t\t\t<\/div>\n\t\t<\/div>\n\t\t\t\t<\/div>\n\t\t\t\t\t\t<\/div>\n\t\t\t\t\t<\/div>\n\t\t<\/div>\n\t\t\t\t<div class=\"aux-parallax-section elementor-column elementor-col-25 elementor-top-column elementor-element elementor-element-1bc22c8\" data-id=\"1bc22c8\" data-element_type=\"column\">\n\t\t\t<div class=\"elementor-column-wrap elementor-element-populated\">\n\t\t\t\t\t\t\t<div class=\"elementor-widget-wrap\">\n\t\t\t\t\t\t<div class=\"elementor-element elementor-element-4ede1fb bdt-pt-overflow-hidden--yes bdt-price-table-divider--yes elementor-widget elementor-widget-bdt-price-table\" data-id=\"4ede1fb\" data-element_type=\"widget\" data-widget_type=\"bdt-price-table.default\">\n\t\t\t\t<div class=\"elementor-widget-container\">\n\t\t\t\t\t<div class=\"bdt-price-table bdt-price-table-skin-default\">\n\t\t\t\t\t\t<div class=\"bdt-price-table-header\">\n\t\t\t\t\t\t\t\t\t<h3 class=\"bdt-price-table-heading\">\n\t\t\t\t\t\tUniwersytet Rolniczy Sala Gimnastyczna\t\t\t\t\t<\/h3>\n\t\t\t\t\n\t\t\t\t\t\t\t\t\t<span class=\"bdt-price-table-subheading\">\n\t\t\t\t\t\tul. 29 Listopada 58 Krak\u00f3w\t\t\t\t\t<\/span>\n\t\t\t\t\t\t\t<\/div>\n\t\t\n\t\t<div class=\"bdt-price-table-price\">\n\t\t\t\n\t\t\t\t\t\t\t<span class=\"bdt-price-table-currency\">\n\t\t\t\t\tz\u0142\t\t\t\t<\/span>\n\t\t\t\n\t\t\t\t\t\t\t<span class=\"bdt-price-table-integer-part\" >\n\t\t\t\t\t180\t\t\t\t<\/span>\n\t\t\t\n\t\t\t\n\t\t\t\n\t\t\t\t\t\t\t<span class=\"bdt-price-table-period elementor-typo-excluded bdt-price-table-period-position-below\">Miesi\u0119cznie<\/span>\t\t\t\t\t<\/div>\n\t\t\t\t\t<ul class=\"bdt-price-table-features-list \">\n\t\t\t\t\t\t\t\t\t<li class=\"elementor-repeater-item-166b302\">\n\t\t\t\t\t\t<div class=\"bdt-price-table-feature-inner\">\n\t\t\t\t\t\t\t\t\t\t\t\t\t\t\t\t\t\t\t\t\t\t<div class=\"bdt-price-table-feature-text bdt-display-inline-block\">\n\t\t\t\t\t\t\t\t\tgimnastyka akrobatyczna \/ 60 min\t\t\t\t\t\t\t\t<\/div>\n\t\t\t\t\t\t\t\t\t\t\t\t\t<\/div>\n\t\t\t\t\t<\/li>\n\t\t\t\t\t\t\t<\/ul>\n\t\t\t\t<\/div>\n\t\t<\/div>\n\t\t\t\t<\/div>\n\t\t\t\t\t\t<\/div>\n\t\t\t\t\t<\/div>\n\t\t<\/div>\n\t\t\t\t<div class=\"aux-parallax-section elementor-column elementor-col-25 elementor-top-column elementor-element elementor-element-243f481\" data-id=\"243f481\" data-element_type=\"column\">\n\t\t\t<div class=\"elementor-column-wrap\">\n\t\t\t\t\t\t\t<div class=\"elementor-widget-wrap\">\n\t\t\t\t\t\t\t\t<\/div>\n\t\t\t\t\t<\/div>\n\t\t<\/div>\n\t\t\t\t\t\t\t\t<\/div>\n\t\t\t\t\t<\/div>\n\t\t<\/section>\n\t\t\t\t\t\t\t\t\t<\/div>\n\t\t\t<\/div>\n\t\t\t\t\t<\/div>\n\t\t","protected":false},"excerpt":{"rendered":"<p>Cennik 2025\/2026 Hala \u0141ukowa\u00a0Bibice ul. Tadeusza Ko\u015bciuszki 56A z\u0142 180 Miesi\u0119cznie gimnastyka akrobatyczna \/ 60 min Klub Fitness Kwadrat ul. Stanis\u0142awa Skar\u017cy\u0144skiego 1 Krak\u00f3w\u00a0Krak\u00f3w z\u0142 150 Miesi\u0119cznie gimnastyka akrobatyczna \/ 55 min P\u0142ywaczek 2 Pu\u0142ku Lotniczego\u00a021\u00a0Krak\u00f3w z\u0142 150 Miesi\u0119cznie gimnastyka akrobatyczna \/ 55 min Ksos Krak\u00f3w ul. Francesco Nullo 23 z\u0142 180 Miesi\u0119cznie gimnastyka akrobatyczna [&hellip;]<\/p>\n","protected":false},"author":1,"featured_media":0,"parent":0,"menu_order":0,"comment_status":"closed","ping_status":"closed","template":"","meta":{"footnotes":""},"class_list":["post-287","page","type-page","status-publish","hentry"],"yoast_head":"<!-- This site is optimized with the Yoast SEO plugin v19.11 - https:\/\/yoast.com\/wordpress\/plugins\/seo\/ -->\n<title>Cennik - Hulahopsy<\/title>\n<meta name=\"robots\" content=\"index, follow, max-snippet:-1, max-image-preview:large, max-video-preview:-1\" \/>\n<link rel=\"canonical\" href=\"https:\/\/hulahopsy.pl\/index.php\/cennik\/\" \/>\n<meta property=\"og:locale\" content=\"pl_PL\" \/>\n<meta property=\"og:type\" content=\"article\" \/>\n<meta property=\"og:title\" content=\"Cennik - Hulahopsy\" \/>\n<meta property=\"og:description\" content=\"Cennik 2025\/2026 Hala \u0141ukowa\u00a0Bibice ul. Tadeusza Ko\u015bciuszki 56A z\u0142 180 Miesi\u0119cznie gimnastyka akrobatyczna \/ 60 min Klub Fitness Kwadrat ul. Stanis\u0142awa Skar\u017cy\u0144skiego 1 Krak\u00f3w\u00a0Krak\u00f3w z\u0142 150 Miesi\u0119cznie gimnastyka akrobatyczna \/ 55 min P\u0142ywaczek 2 Pu\u0142ku Lotniczego\u00a021\u00a0Krak\u00f3w z\u0142 150 Miesi\u0119cznie gimnastyka akrobatyczna \/ 55 min Ksos Krak\u00f3w ul. Francesco Nullo 23 z\u0142 180 Miesi\u0119cznie gimnastyka akrobatyczna [&hellip;]\" \/>\n<meta property=\"og:url\" content=\"https:\/\/hulahopsy.pl\/index.php\/cennik\/\" \/>\n<meta property=\"og:site_name\" content=\"Hulahopsy\" \/>\n<meta property=\"article:publisher\" content=\"https:\/\/www.facebook.com\/hulahopsy\" \/>\n<meta property=\"article:modified_time\" content=\"2025-08-08T16:55:15+00:00\" \/>\n<meta name=\"twitter:card\" content=\"summary_large_image\" \/>\n<meta name=\"twitter:label1\" content=\"Szacowany czas czytania\" \/>\n\t<meta name=\"twitter:data1\" content=\"1 minuta\" \/>\n<script type=\"application\/ld+json\" class=\"yoast-schema-graph\">{\"@context\":\"https:\/\/schema.org\",\"@graph\":[{\"@type\":\"WebPage\",\"@id\":\"https:\/\/hulahopsy.pl\/index.php\/cennik\/\",\"url\":\"https:\/\/hulahopsy.pl\/index.php\/cennik\/\",\"name\":\"Cennik - Hulahopsy\",\"isPartOf\":{\"@id\":\"https:\/\/hulahopsy.pl\/#website\"},\"datePublished\":\"2022-12-01T16:38:39+00:00\",\"dateModified\":\"2025-08-08T16:55:15+00:00\",\"breadcrumb\":{\"@id\":\"https:\/\/hulahopsy.pl\/index.php\/cennik\/#breadcrumb\"},\"inLanguage\":\"pl-PL\",\"potentialAction\":[{\"@type\":\"ReadAction\",\"target\":[\"https:\/\/hulahopsy.pl\/index.php\/cennik\/\"]}]},{\"@type\":\"BreadcrumbList\",\"@id\":\"https:\/\/hulahopsy.pl\/index.php\/cennik\/#breadcrumb\",\"itemListElement\":[{\"@type\":\"ListItem\",\"position\":1,\"name\":\"Strona g\u0142\u00f3wna\",\"item\":\"https:\/\/hulahopsy.pl\/\"},{\"@type\":\"ListItem\",\"position\":2,\"name\":\"Cennik\"}]},{\"@type\":\"WebSite\",\"@id\":\"https:\/\/hulahopsy.pl\/#website\",\"url\":\"https:\/\/hulahopsy.pl\/\",\"name\":\"Hulahopsy\",\"description\":\"Dzieci\u0119cy Klub Sportowy\",\"publisher\":{\"@id\":\"https:\/\/hulahopsy.pl\/#organization\"},\"potentialAction\":[{\"@type\":\"SearchAction\",\"target\":{\"@type\":\"EntryPoint\",\"urlTemplate\":\"https:\/\/hulahopsy.pl\/?s={search_term_string}\"},\"query-input\":\"required name=search_term_string\"}],\"inLanguage\":\"pl-PL\"},{\"@type\":\"Organization\",\"@id\":\"https:\/\/hulahopsy.pl\/#organization\",\"name\":\"Hulahopsy\",\"url\":\"https:\/\/hulahopsy.pl\/\",\"logo\":{\"@type\":\"ImageObject\",\"inLanguage\":\"pl-PL\",\"@id\":\"https:\/\/hulahopsy.pl\/#\/schema\/logo\/image\/\",\"url\":\"https:\/\/hulahopsy.pl\/wp-content\/uploads\/2022\/12\/Projekt-bez-tytulu22222.png\",\"contentUrl\":\"https:\/\/hulahopsy.pl\/wp-content\/uploads\/2022\/12\/Projekt-bez-tytulu22222.png\",\"width\":250,\"height\":150,\"caption\":\"Hulahopsy\"},\"image\":{\"@id\":\"https:\/\/hulahopsy.pl\/#\/schema\/logo\/image\/\"},\"sameAs\":[\"https:\/\/www.youtube.com\/channel\/UCL5wnzQsbrbULR6FrnRpRdw\",\"https:\/\/www.facebook.com\/hulahopsy\"]}]}<\/script>\n<!-- \/ Yoast SEO plugin. -->","yoast_head_json":{"title":"Cennik - Hulahopsy","robots":{"index":"index","follow":"follow","max-snippet":"max-snippet:-1","max-image-preview":"max-image-preview:large","max-video-preview":"max-video-preview:-1"},"canonical":"https:\/\/hulahopsy.pl\/index.php\/cennik\/","og_locale":"pl_PL","og_type":"article","og_title":"Cennik - Hulahopsy","og_description":"Cennik 2025\/2026 Hala \u0141ukowa\u00a0Bibice ul. Tadeusza Ko\u015bciuszki 56A z\u0142 180 Miesi\u0119cznie gimnastyka akrobatyczna \/ 60 min Klub Fitness Kwadrat ul. Stanis\u0142awa Skar\u017cy\u0144skiego 1 Krak\u00f3w\u00a0Krak\u00f3w z\u0142 150 Miesi\u0119cznie gimnastyka akrobatyczna \/ 55 min P\u0142ywaczek 2 Pu\u0142ku Lotniczego\u00a021\u00a0Krak\u00f3w z\u0142 150 Miesi\u0119cznie gimnastyka akrobatyczna \/ 55 min Ksos Krak\u00f3w ul. Francesco Nullo 23 z\u0142 180 Miesi\u0119cznie gimnastyka akrobatyczna [&hellip;]","og_url":"https:\/\/hulahopsy.pl\/index.php\/cennik\/","og_site_name":"Hulahopsy","article_publisher":"https:\/\/www.facebook.com\/hulahopsy","article_modified_time":"2025-08-08T16:55:15+00:00","twitter_card":"summary_large_image","twitter_misc":{"Szacowany czas czytania":"1 minuta"},"schema":{"@context":"https:\/\/schema.org","@graph":[{"@type":"WebPage","@id":"https:\/\/hulahopsy.pl\/index.php\/cennik\/","url":"https:\/\/hulahopsy.pl\/index.php\/cennik\/","name":"Cennik - Hulahopsy","isPartOf":{"@id":"https:\/\/hulahopsy.pl\/#website"},"datePublished":"2022-12-01T16:38:39+00:00","dateModified":"2025-08-08T16:55:15+00:00","breadcrumb":{"@id":"https:\/\/hulahopsy.pl\/index.php\/cennik\/#breadcrumb"},"inLanguage":"pl-PL","potentialAction":[{"@type":"ReadAction","target":["https:\/\/hulahopsy.pl\/index.php\/cennik\/"]}]},{"@type":"BreadcrumbList","@id":"https:\/\/hulahopsy.pl\/index.php\/cennik\/#breadcrumb","itemListElement":[{"@type":"ListItem","position":1,"name":"Strona g\u0142\u00f3wna","item":"https:\/\/hulahopsy.pl\/"},{"@type":"ListItem","position":2,"name":"Cennik"}]},{"@type":"WebSite","@id":"https:\/\/hulahopsy.pl\/#website","url":"https:\/\/hulahopsy.pl\/","name":"Hulahopsy","description":"Dzieci\u0119cy Klub Sportowy","publisher":{"@id":"https:\/\/hulahopsy.pl\/#organization"},"potentialAction":[{"@type":"SearchAction","target":{"@type":"EntryPoint","urlTemplate":"https:\/\/hulahopsy.pl\/?s={search_term_string}"},"query-input":"required name=search_term_string"}],"inLanguage":"pl-PL"},{"@type":"Organization","@id":"https:\/\/hulahopsy.pl\/#organization","name":"Hulahopsy","url":"https:\/\/hulahopsy.pl\/","logo":{"@type":"ImageObject","inLanguage":"pl-PL","@id":"https:\/\/hulahopsy.pl\/#\/schema\/logo\/image\/","url":"https:\/\/hulahopsy.pl\/wp-content\/uploads\/2022\/12\/Projekt-bez-tytulu22222.png","contentUrl":"https:\/\/hulahopsy.pl\/wp-content\/uploads\/2022\/12\/Projekt-bez-tytulu22222.png","width":250,"height":150,"caption":"Hulahopsy"},"image":{"@id":"https:\/\/hulahopsy.pl\/#\/schema\/logo\/image\/"},"sameAs":["https:\/\/www.youtube.com\/channel\/UCL5wnzQsbrbULR6FrnRpRdw","https:\/\/www.facebook.com\/hulahopsy"]}]}},"_links":{"self":[{"href":"https:\/\/hulahopsy.pl\/index.php\/wp-json\/wp\/v2\/pages\/287","targetHints":{"allow":["GET"]}}],"collection":[{"href":"https:\/\/hulahopsy.pl\/index.php\/wp-json\/wp\/v2\/pages"}],"about":[{"href":"https:\/\/hulahopsy.pl\/index.php\/wp-json\/wp\/v2\/types\/page"}],"author":[{"embeddable":true,"href":"https:\/\/hulahopsy.pl\/index.php\/wp-json\/wp\/v2\/users\/1"}],"replies":[{"embeddable":true,"href":"https:\/\/hulahopsy.pl\/index.php\/wp-json\/wp\/v2\/comments?post=287"}],"version-history":[{"count":59,"href":"https:\/\/hulahopsy.pl\/index.php\/wp-json\/wp\/v2\/pages\/287\/revisions"}],"predecessor-version":[{"id":775,"href":"https:\/\/hulahopsy.pl\/index.php\/wp-json\/wp\/v2\/pages\/287\/revisions\/775"}],"wp:attachment":[{"href":"https:\/\/hulahopsy.pl\/index.php\/wp-json\/wp\/v2\/media?parent=287"}],"curies":[{"name":"wp","href":"https:\/\/api.w.org\/{rel}","templated":true}]}}