{"id":279,"date":"2022-12-01T17:33:43","date_gmt":"2022-12-01T16:33:43","guid":{"rendered":"https:\/\/hulahopsy.pl\/?page_id=279"},"modified":"2025-08-08T19:00:17","modified_gmt":"2025-08-08T17:00:17","slug":"o-nas","status":"publish","type":"page","link":"https:\/\/hulahopsy.pl\/index.php\/o-nas\/","title":{"rendered":"O nas"},"content":{"rendered":"\t\t<div data-elementor-type=\"wp-post\" data-elementor-id=\"279\" class=\"elementor elementor-279\">\n\t\t\t\t\t\t<div class=\"elementor-inner\">\n\t\t\t\t<div class=\"elementor-section-wrap\">\n\t\t\t\t\t\t\t\t\t<section class=\"elementor-section elementor-top-section elementor-element elementor-element-3473b11 elementor-reverse-mobile elementor-section-boxed elementor-section-height-default elementor-section-height-default\" data-id=\"3473b11\" data-element_type=\"section\">\n\t\t\t\t\t\t<div class=\"elementor-container elementor-column-gap-default\">\n\t\t\t\t\t\t\t<div class=\"elementor-row\">\n\t\t\t\t\t<div class=\"aux-parallax-section elementor-column elementor-col-50 elementor-top-column elementor-element elementor-element-34a5527\" data-id=\"34a5527\" data-element_type=\"column\">\n\t\t\t<div class=\"elementor-column-wrap elementor-element-populated\">\n\t\t\t\t\t\t\t<div class=\"elementor-widget-wrap\">\n\t\t\t\t\t\t<div class=\"elementor-element elementor-element-17af5a5 aux-appear-watch-animation aux-mask-from-left elementor-widget elementor-widget-aux_modern_heading\" data-id=\"17af5a5\" data-element_type=\"widget\" data-widget_type=\"aux_modern_heading.default\">\n\t\t\t\t<div class=\"elementor-widget-container\">\n\t\t\t<section class=\"aux-widget-modern-heading\">\n            <div class=\"aux-widget-inner\"><h6 class=\"aux-modern-heading-primary\"><\/h6><h3 class=\"aux-modern-heading-secondary\"><span class=\"aux-head-before\">Czym s\u0105 <\/span><span class=\"aux-head-highlight\">hulahopsy?!<\/span><\/h3><\/div>\n        <\/section>\t\t<\/div>\n\t\t\t\t<\/div>\n\t\t\t\t<div class=\"elementor-element elementor-element-2fdbec4 aux-appear-watch-animation aux-fade-in-right elementor-widget elementor-widget-text-editor\" data-id=\"2fdbec4\" data-element_type=\"widget\" data-widget_type=\"text-editor.default\">\n\t\t\t\t<div class=\"elementor-widget-container\">\n\t\t\t\t\t\t\t\t<div class=\"elementor-text-editor elementor-clearfix\">\n\t\t\t\t<div class=\"aux-bus2-title-divider\">\u00a0<\/div>\t\t\t\t\t<\/div>\n\t\t\t\t\t\t<\/div>\n\t\t\t\t<\/div>\n\t\t\t\t<div class=\"elementor-element elementor-element-d768161 aux-appear-watch-animation aux-fade-in-up elementor-widget elementor-widget-text-editor\" data-id=\"d768161\" data-element_type=\"widget\" data-widget_type=\"text-editor.default\">\n\t\t\t\t<div class=\"elementor-widget-container\">\n\t\t\t\t\t\t\t\t<div class=\"elementor-text-editor elementor-clearfix\">\n\t\t\t\t<p>Organizujemy zaj\u0119cia sportowe dla dzieciak\u00f3w w wieku od 4 do 14 r.\u017c<\/p><p>Jeste\u015bmy firm\u0105 z ponad czteroletnim do\u015bwiadczeniem. Zatrudniamy zaufanych trener\u00f3w z wieloletnim do\u015bwiadczeniem, kt\u00f3rych pasj\u0105 jest prowadzenie zaj\u0119\u0107 dla dzieci. Na zaj\u0119ciach wykorzystujemy profesjonalny sprz\u0119t gimnastyczny. Uczestnicy naszych zaj\u0119\u0107 poprzez \u0107wiczenia wzmacniaj\u0105 ca\u0142e cia\u0142o, dzi\u0119ki czemu rozwijaj\u0105 si\u0119 prawid\u0142owo. W m\u0142odszych grupach Trenerzy wykorzystuj\u0105 elementy zabaw ruchowych aby pozytywnie motywowa\u0107 dzieci do nauki element\u00f3w akrobatycznych. Nasze zaj\u0119cia to bezpieczna alternatywa szalonego skakania po sofie wieczorami, nauczymy dzieci jak bezpiecznie bryka\u0107 i skaka\u0107 . Dla starszych dzieci nasi Trenerzy staj\u0105 si\u0119 wzorem do\u00a0na\u015bladowania.<\/p>\t\t\t\t\t<\/div>\n\t\t\t\t\t\t<\/div>\n\t\t\t\t<\/div>\n\t\t\t\t\t\t<\/div>\n\t\t\t\t\t<\/div>\n\t\t<\/div>\n\t\t\t\t<div class=\"aux-parallax-section elementor-column elementor-col-50 elementor-top-column elementor-element elementor-element-bb68e64\" data-id=\"bb68e64\" data-element_type=\"column\">\n\t\t\t<div class=\"elementor-column-wrap elementor-element-populated\">\n\t\t\t\t\t\t\t<div class=\"elementor-widget-wrap\">\n\t\t\t\t\t\t<div class=\"elementor-element elementor-element-26b1372 aux-appear-watch-animation aux-mask-from-left elementor-widget elementor-widget-aux_image\" data-id=\"26b1372\" data-element_type=\"widget\" data-widget_type=\"aux_image.default\">\n\t\t\t\t<div class=\"elementor-widget-container\">\n\t\t\t<section class=\"widget-container aux-widget-image aux-alignnone aux-parent-au511a2640\">\n    <div class=\"aux-media-hint-frame \">\n        <div class=\"aux-media-image \" >\n        \n            \n\n            \n            <img loading=\"lazy\" decoding=\"async\" width=\"821\" height=\"631\" src=\"https:\/\/hulahopsy.pl\/wp-content\/uploads\/2022\/12\/Zdjecie-WhatsApp-2022-12-06-o-19.06.42-821x631.jpg\" class=\"aux-attachment aux-featured-image aux-attachment-id-651\" alt=\"Zdj\u0119cie WhatsApp 2022-12-06 o 19.06.42\" srcset=\"https:\/\/hulahopsy.pl\/wp-content\/uploads\/2022\/12\/Zdjecie-WhatsApp-2022-12-06-o-19.06.42-150x115.jpg 150w,https:\/\/hulahopsy.pl\/wp-content\/uploads\/2022\/12\/Zdjecie-WhatsApp-2022-12-06-o-19.06.42-300x231.jpg 300w,https:\/\/hulahopsy.pl\/wp-content\/uploads\/2022\/12\/Zdjecie-WhatsApp-2022-12-06-o-19.06.42-768x590.jpg 768w,https:\/\/hulahopsy.pl\/wp-content\/uploads\/2022\/12\/Zdjecie-WhatsApp-2022-12-06-o-19.06.42-1024x787.jpg 1024w,https:\/\/hulahopsy.pl\/wp-content\/uploads\/2022\/12\/Zdjecie-WhatsApp-2022-12-06-o-19.06.42-821x631.jpg 821w\" data-ratio=\"1.3\" data-original-w=\"2048\" sizes=\"auto, (max-width:479px) 480px,(max-width:767px) 768px,(max-width:1023px) 1024px,821px\" \/>            \n                <\/div>\n    <\/div>\n\n<\/section><!-- widget-container -->\t\t<\/div>\n\t\t\t\t<\/div>\n\t\t\t\t\t\t<\/div>\n\t\t\t\t\t<\/div>\n\t\t<\/div>\n\t\t\t\t\t\t\t\t<\/div>\n\t\t\t\t\t<\/div>\n\t\t<\/section>\n\t\t\t\t<section class=\"elementor-section elementor-top-section elementor-element elementor-element-ef563b3 elementor-section-boxed elementor-section-height-default elementor-section-height-default\" data-id=\"ef563b3\" data-element_type=\"section\">\n\t\t\t\t\t\t<div class=\"elementor-container elementor-column-gap-default\">\n\t\t\t\t\t\t\t<div class=\"elementor-row\">\n\t\t\t\t\t<div class=\"aux-parallax-section elementor-column elementor-col-100 elementor-top-column elementor-element elementor-element-7b031a4\" data-id=\"7b031a4\" data-element_type=\"column\">\n\t\t\t<div class=\"elementor-column-wrap elementor-element-populated\">\n\t\t\t\t\t\t\t<div class=\"elementor-widget-wrap\">\n\t\t\t\t\t\t<div class=\"elementor-element elementor-element-595ad5c aux-appear-watch-animation aux-mask-from-left elementor-widget elementor-widget-aux_modern_heading\" data-id=\"595ad5c\" data-element_type=\"widget\" data-widget_type=\"aux_modern_heading.default\">\n\t\t\t\t<div class=\"elementor-widget-container\">\n\t\t\t<section class=\"aux-widget-modern-heading\">\n            <div class=\"aux-widget-inner\"><h6 class=\"aux-modern-heading-primary\"><\/h6><h3 class=\"aux-modern-heading-secondary\"><span class=\"aux-head-before\">Lokalizacje <\/span><span class=\"aux-head-highlight\">Hulahopsy<\/span><\/h3><\/div>\n        <\/section>\t\t<\/div>\n\t\t\t\t<\/div>\n\t\t\t\t<section class=\"elementor-section elementor-inner-section elementor-element elementor-element-22caf28 elementor-section-boxed elementor-section-height-default elementor-section-height-default\" data-id=\"22caf28\" data-element_type=\"section\">\n\t\t\t\t\t\t<div class=\"elementor-container elementor-column-gap-default\">\n\t\t\t\t\t\t\t<div class=\"elementor-row\">\n\t\t\t\t\t<div class=\"aux-parallax-section elementor-column elementor-col-50 elementor-inner-column elementor-element elementor-element-57fd1b3\" data-id=\"57fd1b3\" data-element_type=\"column\">\n\t\t\t<div class=\"elementor-column-wrap elementor-element-populated\">\n\t\t\t\t\t\t\t<div class=\"elementor-widget-wrap\">\n\t\t\t\t\t\t<div class=\"elementor-element elementor-element-02591df elementor-icon-list--layout-traditional elementor-list-item-link-full_width elementor-widget elementor-widget-icon-list\" data-id=\"02591df\" data-element_type=\"widget\" data-widget_type=\"icon-list.default\">\n\t\t\t\t<div class=\"elementor-widget-container\">\n\t\t\t\t\t<ul class=\"elementor-icon-list-items\">\n\t\t\t\t\t\t\t<li class=\"elementor-icon-list-item\">\n\t\t\t\t\t\t\t\t\t\t\t<span class=\"elementor-icon-list-icon\">\n\t\t\t\t\t\t\t<i aria-hidden=\"true\" class=\"fas fa-check\"><\/i>\t\t\t\t\t\t<\/span>\n\t\t\t\t\t\t\t\t\t\t<span class=\"elementor-icon-list-text\">Krakowski Szkolny O\u015brodek Sportowy \u2013 KSOS przy\u00a0ul. Francesco Nullo 23\u00a0<\/span>\n\t\t\t\t\t\t\t\t\t<\/li>\n\t\t\t\t\t\t\t\t<li class=\"elementor-icon-list-item\">\n\t\t\t\t\t\t\t\t\t\t\t<span class=\"elementor-icon-list-icon\">\n\t\t\t\t\t\t\t<i aria-hidden=\"true\" class=\"fas fa-check\"><\/i>\t\t\t\t\t\t<\/span>\n\t\t\t\t\t\t\t\t\t\t<span class=\"elementor-icon-list-text\">Uniwersytet Rolniczy Sala Gimnastyczna ul. 29 Listopada 58<\/span>\n\t\t\t\t\t\t\t\t\t<\/li>\n\t\t\t\t\t\t\t\t<li class=\"elementor-icon-list-item\">\n\t\t\t\t\t\t\t\t\t\t\t<span class=\"elementor-icon-list-icon\">\n\t\t\t\t\t\t\t<i aria-hidden=\"true\" class=\"fas fa-check\"><\/i>\t\t\t\t\t\t<\/span>\n\t\t\t\t\t\t\t\t\t\t<span class=\"elementor-icon-list-text\">Basen P\u0142ywaczek os. 2 Pu\u0142ku Lotniczego 21<\/span>\n\t\t\t\t\t\t\t\t\t<\/li>\n\t\t\t\t\t\t\t\t<li class=\"elementor-icon-list-item\">\n\t\t\t\t\t\t\t\t\t\t\t<span class=\"elementor-icon-list-icon\">\n\t\t\t\t\t\t\t<i aria-hidden=\"true\" class=\"fas fa-check\"><\/i>\t\t\t\t\t\t<\/span>\n\t\t\t\t\t\t\t\t\t\t<span class=\"elementor-icon-list-text\">NOWA Hala \u0141ukowa Bibice ul. Ko\u015bciuszki 56 A<\/span>\n\t\t\t\t\t\t\t\t\t<\/li>\n\t\t\t\t\t\t\t\t<li class=\"elementor-icon-list-item\">\n\t\t\t\t\t\t\t\t\t\t\t<span class=\"elementor-icon-list-icon\">\n\t\t\t\t\t\t\t<i aria-hidden=\"true\" class=\"fas fa-check\"><\/i>\t\t\t\t\t\t<\/span>\n\t\t\t\t\t\t\t\t\t\t<span class=\"elementor-icon-list-text\">Fitness Klub Kwadrat ul. Skar\u017cy\u0144skiego 1<\/span>\n\t\t\t\t\t\t\t\t\t<\/li>\n\t\t\t\t\t\t<\/ul>\n\t\t\t\t<\/div>\n\t\t\t\t<\/div>\n\t\t\t\t<div class=\"elementor-element elementor-element-83efa8e elementor-icon-list--layout-traditional elementor-list-item-link-full_width elementor-widget elementor-widget-icon-list\" data-id=\"83efa8e\" data-element_type=\"widget\" data-widget_type=\"icon-list.default\">\n\t\t\t\t<div class=\"elementor-widget-container\">\n\t\t\t\t\t<ul class=\"elementor-icon-list-items\">\n\t\t\t\t\t\t\t<li class=\"elementor-icon-list-item\">\n\t\t\t\t\t\t\t\t\t\t\t<span class=\"elementor-icon-list-icon\">\n\t\t\t\t\t\t\t<i aria-hidden=\"true\" class=\"fas fa-check\"><\/i>\t\t\t\t\t\t<\/span>\n\t\t\t\t\t\t\t\t\t\t<span class=\"elementor-icon-list-text\">Przedszkole Bajkowe Kr\u00f3lestwo oddzia\u0142 Bibice<\/span>\n\t\t\t\t\t\t\t\t\t<\/li>\n\t\t\t\t\t\t\t\t<li class=\"elementor-icon-list-item\">\n\t\t\t\t\t\t\t\t\t\t\t<span class=\"elementor-icon-list-icon\">\n\t\t\t\t\t\t\t<i aria-hidden=\"true\" class=\"fas fa-check\"><\/i>\t\t\t\t\t\t<\/span>\n\t\t\t\t\t\t\t\t\t\t<span class=\"elementor-icon-list-text\">Przedszkole Bajkowe Kr\u00f3lestwo oddzia\u0142 Krak\u00f3w (\u017babiniec)<\/span>\n\t\t\t\t\t\t\t\t\t<\/li>\n\t\t\t\t\t\t\t\t<li class=\"elementor-icon-list-item\">\n\t\t\t\t\t\t\t\t\t\t\t<span class=\"elementor-icon-list-icon\">\n\t\t\t\t\t\t\t<i aria-hidden=\"true\" class=\"fas fa-check\"><\/i>\t\t\t\t\t\t<\/span>\n\t\t\t\t\t\t\t\t\t\t<span class=\"elementor-icon-list-text\">Szko\u0142a Podstawowa nr 13 ul. Meiera 16D <\/span>\n\t\t\t\t\t\t\t\t\t<\/li>\n\t\t\t\t\t\t\t\t<li class=\"elementor-icon-list-item\">\n\t\t\t\t\t\t\t\t\t\t\t<span class=\"elementor-icon-list-icon\">\n\t\t\t\t\t\t\t<i aria-hidden=\"true\" class=\"fas fa-check\"><\/i>\t\t\t\t\t\t<\/span>\n\t\t\t\t\t\t\t\t\t\t<span class=\"elementor-icon-list-text\">Przedszkole Publiczne w Micha\u0142owicach<\/span>\n\t\t\t\t\t\t\t\t\t<\/li>\n\t\t\t\t\t\t\t\t<li class=\"elementor-icon-list-item\">\n\t\t\t\t\t\t\t\t\t\t\t<span class=\"elementor-icon-list-icon\">\n\t\t\t\t\t\t\t<i aria-hidden=\"true\" class=\"fas fa-check\"><\/i>\t\t\t\t\t\t<\/span>\n\t\t\t\t\t\t\t\t\t\t<span class=\"elementor-icon-list-text\">Przedszkole EneDue w Dziekanowicach<\/span>\n\t\t\t\t\t\t\t\t\t<\/li>\n\t\t\t\t\t\t\t\t<li class=\"elementor-icon-list-item\">\n\t\t\t\t\t\t\t\t\t\t\t<span class=\"elementor-icon-list-icon\">\n\t\t\t\t\t\t\t<i aria-hidden=\"true\" class=\"fas fa-check\"><\/i>\t\t\t\t\t\t<\/span>\n\t\t\t\t\t\t\t\t\t\t<span class=\"elementor-icon-list-text\">Przedszkole Z\u0142ota Rybka w Bibicach<\/span>\n\t\t\t\t\t\t\t\t\t<\/li>\n\t\t\t\t\t\t\t\t<li class=\"elementor-icon-list-item\">\n\t\t\t\t\t\t\t\t\t\t\t<span class=\"elementor-icon-list-icon\">\n\t\t\t\t\t\t\t<i aria-hidden=\"true\" class=\"fas fa-check\"><\/i>\t\t\t\t\t\t<\/span>\n\t\t\t\t\t\t\t\t\t\t<span class=\"elementor-icon-list-text\">Szko\u0142a Podstawowa Raciborwice <\/span>\n\t\t\t\t\t\t\t\t\t<\/li>\n\t\t\t\t\t\t<\/ul>\n\t\t\t\t<\/div>\n\t\t\t\t<\/div>\n\t\t\t\t\t\t<\/div>\n\t\t\t\t\t<\/div>\n\t\t<\/div>\n\t\t\t\t<div class=\"aux-parallax-section elementor-column elementor-col-50 elementor-inner-column elementor-element elementor-element-1e1f96a\" data-id=\"1e1f96a\" data-element_type=\"column\">\n\t\t\t<div class=\"elementor-column-wrap\">\n\t\t\t\t\t\t\t<div class=\"elementor-widget-wrap\">\n\t\t\t\t\t\t\t\t<\/div>\n\t\t\t\t\t<\/div>\n\t\t<\/div>\n\t\t\t\t\t\t\t\t<\/div>\n\t\t\t\t\t<\/div>\n\t\t<\/section>\n\t\t\t\t\t\t<\/div>\n\t\t\t\t\t<\/div>\n\t\t<\/div>\n\t\t\t\t\t\t\t\t<\/div>\n\t\t\t\t\t<\/div>\n\t\t<\/section>\n\t\t\t\t\t\t\t\t\t<\/div>\n\t\t\t<\/div>\n\t\t\t\t\t<\/div>\n\t\t","protected":false},"excerpt":{"rendered":"<p>Czym s\u0105 hulahopsy?! \u00a0 Organizujemy zaj\u0119cia sportowe dla dzieciak\u00f3w w wieku od 4 do 14 r.\u017c Jeste\u015bmy firm\u0105 z ponad czteroletnim do\u015bwiadczeniem. Zatrudniamy zaufanych trener\u00f3w z wieloletnim do\u015bwiadczeniem, kt\u00f3rych pasj\u0105 jest prowadzenie zaj\u0119\u0107 dla dzieci. Na zaj\u0119ciach wykorzystujemy profesjonalny sprz\u0119t gimnastyczny. Uczestnicy naszych zaj\u0119\u0107 poprzez \u0107wiczenia wzmacniaj\u0105 ca\u0142e cia\u0142o, dzi\u0119ki czemu rozwijaj\u0105 si\u0119 prawid\u0142owo. W [&hellip;]<\/p>\n","protected":false},"author":1,"featured_media":0,"parent":0,"menu_order":0,"comment_status":"closed","ping_status":"closed","template":"","meta":{"footnotes":""},"class_list":["post-279","page","type-page","status-publish","hentry"],"yoast_head":"<!-- This site is optimized with the Yoast SEO plugin v19.11 - https:\/\/yoast.com\/wordpress\/plugins\/seo\/ -->\n<title>O nas - Hulahopsy<\/title>\n<meta name=\"robots\" content=\"index, follow, max-snippet:-1, max-image-preview:large, max-video-preview:-1\" \/>\n<link rel=\"canonical\" href=\"https:\/\/hulahopsy.pl\/index.php\/o-nas\/\" \/>\n<meta property=\"og:locale\" content=\"pl_PL\" \/>\n<meta property=\"og:type\" content=\"article\" \/>\n<meta property=\"og:title\" content=\"O nas - Hulahopsy\" \/>\n<meta property=\"og:description\" content=\"Czym s\u0105 hulahopsy?! \u00a0 Organizujemy zaj\u0119cia sportowe dla dzieciak\u00f3w w wieku od 4 do 14 r.\u017c Jeste\u015bmy firm\u0105 z ponad czteroletnim do\u015bwiadczeniem. Zatrudniamy zaufanych trener\u00f3w z wieloletnim do\u015bwiadczeniem, kt\u00f3rych pasj\u0105 jest prowadzenie zaj\u0119\u0107 dla dzieci. Na zaj\u0119ciach wykorzystujemy profesjonalny sprz\u0119t gimnastyczny. Uczestnicy naszych zaj\u0119\u0107 poprzez \u0107wiczenia wzmacniaj\u0105 ca\u0142e cia\u0142o, dzi\u0119ki czemu rozwijaj\u0105 si\u0119 prawid\u0142owo. W [&hellip;]\" \/>\n<meta property=\"og:url\" content=\"https:\/\/hulahopsy.pl\/index.php\/o-nas\/\" \/>\n<meta property=\"og:site_name\" content=\"Hulahopsy\" \/>\n<meta property=\"article:publisher\" content=\"https:\/\/www.facebook.com\/hulahopsy\" \/>\n<meta property=\"article:modified_time\" content=\"2025-08-08T17:00:17+00:00\" \/>\n<meta property=\"og:image\" content=\"https:\/\/hulahopsy.pl\/wp-content\/uploads\/2022\/12\/Zdjecie-WhatsApp-2022-12-06-o-19.06.42-821x631.jpg\" \/>\n<meta name=\"twitter:card\" content=\"summary_large_image\" \/>\n<meta name=\"twitter:label1\" content=\"Szacowany czas czytania\" \/>\n\t<meta name=\"twitter:data1\" content=\"2 minuty\" \/>\n<script type=\"application\/ld+json\" class=\"yoast-schema-graph\">{\"@context\":\"https:\/\/schema.org\",\"@graph\":[{\"@type\":\"WebPage\",\"@id\":\"https:\/\/hulahopsy.pl\/index.php\/o-nas\/\",\"url\":\"https:\/\/hulahopsy.pl\/index.php\/o-nas\/\",\"name\":\"O nas - Hulahopsy\",\"isPartOf\":{\"@id\":\"https:\/\/hulahopsy.pl\/#website\"},\"datePublished\":\"2022-12-01T16:33:43+00:00\",\"dateModified\":\"2025-08-08T17:00:17+00:00\",\"breadcrumb\":{\"@id\":\"https:\/\/hulahopsy.pl\/index.php\/o-nas\/#breadcrumb\"},\"inLanguage\":\"pl-PL\",\"potentialAction\":[{\"@type\":\"ReadAction\",\"target\":[\"https:\/\/hulahopsy.pl\/index.php\/o-nas\/\"]}]},{\"@type\":\"BreadcrumbList\",\"@id\":\"https:\/\/hulahopsy.pl\/index.php\/o-nas\/#breadcrumb\",\"itemListElement\":[{\"@type\":\"ListItem\",\"position\":1,\"name\":\"Strona g\u0142\u00f3wna\",\"item\":\"https:\/\/hulahopsy.pl\/\"},{\"@type\":\"ListItem\",\"position\":2,\"name\":\"O nas\"}]},{\"@type\":\"WebSite\",\"@id\":\"https:\/\/hulahopsy.pl\/#website\",\"url\":\"https:\/\/hulahopsy.pl\/\",\"name\":\"Hulahopsy\",\"description\":\"Dzieci\u0119cy Klub Sportowy\",\"publisher\":{\"@id\":\"https:\/\/hulahopsy.pl\/#organization\"},\"potentialAction\":[{\"@type\":\"SearchAction\",\"target\":{\"@type\":\"EntryPoint\",\"urlTemplate\":\"https:\/\/hulahopsy.pl\/?s={search_term_string}\"},\"query-input\":\"required name=search_term_string\"}],\"inLanguage\":\"pl-PL\"},{\"@type\":\"Organization\",\"@id\":\"https:\/\/hulahopsy.pl\/#organization\",\"name\":\"Hulahopsy\",\"url\":\"https:\/\/hulahopsy.pl\/\",\"logo\":{\"@type\":\"ImageObject\",\"inLanguage\":\"pl-PL\",\"@id\":\"https:\/\/hulahopsy.pl\/#\/schema\/logo\/image\/\",\"url\":\"https:\/\/hulahopsy.pl\/wp-content\/uploads\/2022\/12\/Projekt-bez-tytulu22222.png\",\"contentUrl\":\"https:\/\/hulahopsy.pl\/wp-content\/uploads\/2022\/12\/Projekt-bez-tytulu22222.png\",\"width\":250,\"height\":150,\"caption\":\"Hulahopsy\"},\"image\":{\"@id\":\"https:\/\/hulahopsy.pl\/#\/schema\/logo\/image\/\"},\"sameAs\":[\"https:\/\/www.youtube.com\/channel\/UCL5wnzQsbrbULR6FrnRpRdw\",\"https:\/\/www.facebook.com\/hulahopsy\"]}]}<\/script>\n<!-- \/ Yoast SEO plugin. -->","yoast_head_json":{"title":"O nas - Hulahopsy","robots":{"index":"index","follow":"follow","max-snippet":"max-snippet:-1","max-image-preview":"max-image-preview:large","max-video-preview":"max-video-preview:-1"},"canonical":"https:\/\/hulahopsy.pl\/index.php\/o-nas\/","og_locale":"pl_PL","og_type":"article","og_title":"O nas - Hulahopsy","og_description":"Czym s\u0105 hulahopsy?! \u00a0 Organizujemy zaj\u0119cia sportowe dla dzieciak\u00f3w w wieku od 4 do 14 r.\u017c Jeste\u015bmy firm\u0105 z ponad czteroletnim do\u015bwiadczeniem. Zatrudniamy zaufanych trener\u00f3w z wieloletnim do\u015bwiadczeniem, kt\u00f3rych pasj\u0105 jest prowadzenie zaj\u0119\u0107 dla dzieci. Na zaj\u0119ciach wykorzystujemy profesjonalny sprz\u0119t gimnastyczny. Uczestnicy naszych zaj\u0119\u0107 poprzez \u0107wiczenia wzmacniaj\u0105 ca\u0142e cia\u0142o, dzi\u0119ki czemu rozwijaj\u0105 si\u0119 prawid\u0142owo. W [&hellip;]","og_url":"https:\/\/hulahopsy.pl\/index.php\/o-nas\/","og_site_name":"Hulahopsy","article_publisher":"https:\/\/www.facebook.com\/hulahopsy","article_modified_time":"2025-08-08T17:00:17+00:00","og_image":[{"url":"https:\/\/hulahopsy.pl\/wp-content\/uploads\/2022\/12\/Zdjecie-WhatsApp-2022-12-06-o-19.06.42-821x631.jpg"}],"twitter_card":"summary_large_image","twitter_misc":{"Szacowany czas czytania":"2 minuty"},"schema":{"@context":"https:\/\/schema.org","@graph":[{"@type":"WebPage","@id":"https:\/\/hulahopsy.pl\/index.php\/o-nas\/","url":"https:\/\/hulahopsy.pl\/index.php\/o-nas\/","name":"O nas - Hulahopsy","isPartOf":{"@id":"https:\/\/hulahopsy.pl\/#website"},"datePublished":"2022-12-01T16:33:43+00:00","dateModified":"2025-08-08T17:00:17+00:00","breadcrumb":{"@id":"https:\/\/hulahopsy.pl\/index.php\/o-nas\/#breadcrumb"},"inLanguage":"pl-PL","potentialAction":[{"@type":"ReadAction","target":["https:\/\/hulahopsy.pl\/index.php\/o-nas\/"]}]},{"@type":"BreadcrumbList","@id":"https:\/\/hulahopsy.pl\/index.php\/o-nas\/#breadcrumb","itemListElement":[{"@type":"ListItem","position":1,"name":"Strona g\u0142\u00f3wna","item":"https:\/\/hulahopsy.pl\/"},{"@type":"ListItem","position":2,"name":"O nas"}]},{"@type":"WebSite","@id":"https:\/\/hulahopsy.pl\/#website","url":"https:\/\/hulahopsy.pl\/","name":"Hulahopsy","description":"Dzieci\u0119cy Klub Sportowy","publisher":{"@id":"https:\/\/hulahopsy.pl\/#organization"},"potentialAction":[{"@type":"SearchAction","target":{"@type":"EntryPoint","urlTemplate":"https:\/\/hulahopsy.pl\/?s={search_term_string}"},"query-input":"required name=search_term_string"}],"inLanguage":"pl-PL"},{"@type":"Organization","@id":"https:\/\/hulahopsy.pl\/#organization","name":"Hulahopsy","url":"https:\/\/hulahopsy.pl\/","logo":{"@type":"ImageObject","inLanguage":"pl-PL","@id":"https:\/\/hulahopsy.pl\/#\/schema\/logo\/image\/","url":"https:\/\/hulahopsy.pl\/wp-content\/uploads\/2022\/12\/Projekt-bez-tytulu22222.png","contentUrl":"https:\/\/hulahopsy.pl\/wp-content\/uploads\/2022\/12\/Projekt-bez-tytulu22222.png","width":250,"height":150,"caption":"Hulahopsy"},"image":{"@id":"https:\/\/hulahopsy.pl\/#\/schema\/logo\/image\/"},"sameAs":["https:\/\/www.youtube.com\/channel\/UCL5wnzQsbrbULR6FrnRpRdw","https:\/\/www.facebook.com\/hulahopsy"]}]}},"_links":{"self":[{"href":"https:\/\/hulahopsy.pl\/index.php\/wp-json\/wp\/v2\/pages\/279","targetHints":{"allow":["GET"]}}],"collection":[{"href":"https:\/\/hulahopsy.pl\/index.php\/wp-json\/wp\/v2\/pages"}],"about":[{"href":"https:\/\/hulahopsy.pl\/index.php\/wp-json\/wp\/v2\/types\/page"}],"author":[{"embeddable":true,"href":"https:\/\/hulahopsy.pl\/index.php\/wp-json\/wp\/v2\/users\/1"}],"replies":[{"embeddable":true,"href":"https:\/\/hulahopsy.pl\/index.php\/wp-json\/wp\/v2\/comments?post=279"}],"version-history":[{"count":64,"href":"https:\/\/hulahopsy.pl\/index.php\/wp-json\/wp\/v2\/pages\/279\/revisions"}],"predecessor-version":[{"id":778,"href":"https:\/\/hulahopsy.pl\/index.php\/wp-json\/wp\/v2\/pages\/279\/revisions\/778"}],"wp:attachment":[{"href":"https:\/\/hulahopsy.pl\/index.php\/wp-json\/wp\/v2\/media?parent=279"}],"curies":[{"name":"wp","href":"https:\/\/api.w.org\/{rel}","templated":true}]}}